{"id":41,"date":"2022-11-10T12:54:19","date_gmt":"2022-11-10T12:54:19","guid":{"rendered":"https:\/\/zen-kapitsa.178-32-213-120.plesk.page\/?page_id=41"},"modified":"2025-03-21T15:57:20","modified_gmt":"2025-03-21T15:57:20","slug":"awards","status":"publish","type":"page","link":"https:\/\/www.chateau-des-iles.com\/en\/cuisine\/awards\/","title":{"rendered":"Our Awards"},"content":{"rendered":"\n<td>\n  <p style=\"text-align:center\">\n    <a href=\"http:\/\/www.college-culinaire-de-france.fr\" target=\"_blank\" rel=\"noopener noreferrer\">\n      <img loading=\"lazy\" decoding=\"async\" src=\"\/images\/college-culinaire.png\" class=\"college_culinaire\" width=\"121\" height=\"168\">\n    <\/a>\n  <\/p>\n<\/td>\n<td>\n  <h2>Coll\u00e8ge Culinaire de France<\/h2>\n  <p>\n    The <span class=\"bold\">Coll\u00e8ge Culinaire de France<\/span>, founded by 15 internationally renowned French chefs and co-chaired by Alain Ducasse and Jo\u00ebl Robuchon, is dedicated to promoting culinary excellence in France and around the world.<br>\n    In its commitment to quality, the Coll\u00e8ge Culinaire de France advocates for transparency, giving diners the right to know what they are eating in a restaurant: What is the origin of the ingredients? Are they prepared on-site? What is the chef\u2019s professional background? The answers to these three questions help guests distinguish between the various establishments grouped under the term \u201crestaurant\u201d among the 150,000 listed in France.\n  <\/p>\n  <p>\n    <a href=\"http:\/\/www.college-culinaire-de-france.fr\" target=\"_blank\" rel=\"noopener noreferrer\">www.college-culinaire-de-france.fr<\/a>\n  <\/p>\n<\/td>\n<\/tr>\n<tr>\n  <td>\n    <p style=\"text-align:center\">\n      <a href=\"http:\/\/www.restaurateursdefrance.com\" target=\"_blank\" rel=\"noopener noreferrer\">\n        <img loading=\"lazy\" decoding=\"async\" src=\"\/images\/restaurateurs-france.png\" class=\"resto_france\" width=\"152\" height=\"202\">\n      <\/a>\n    <\/p>\n  <\/td>\n  <td>\n    <h2>Restaurateurs de France<\/h2>\n    <p>\n      Recognized by the French government, the <span class=\"bold\">Restaurateurs de France label<\/span> guarantees high-quality French cuisine. Labelled establishments undergo regular and impartial external audits and are committed to upholding the Restaurateurs de France Quality Charter, based on eight key commitments to their customers.\n    <\/p>\n    <p>\n      <a href=\"http:\/\/www.restaurateursdefrance.com\" target=\"_blank\" rel=\"noopener noreferrer\">www.restaurateursdefrance.com<\/a>\n    <\/p>\n  <\/td>\n<\/tr>\n\n\n\n\n<p><\/p>\n","protected":false},"excerpt":{"rendered":"<p>Coll\u00e8ge Culinaire de France The Coll\u00e8ge Culinaire de France, founded by 15 internationally renowned French chefs and co-chaired by Alain Ducasse and Jo\u00ebl Robuchon, is dedicated to promoting culinary excellence in France and around the world. In its commitment to quality, the Coll\u00e8ge Culinaire de France advocates for transparency, giving diners the right to know [&hellip;]<\/p>\n","protected":false},"author":1,"featured_media":0,"parent":43,"menu_order":0,"comment_status":"closed","ping_status":"closed","template":"","meta":{"footnotes":""},"class_list":["post-41","page","type-page","status-publish","hentry"],"_links":{"self":[{"href":"https:\/\/www.chateau-des-iles.com\/en\/wp-json\/wp\/v2\/pages\/41","targetHints":{"allow":["GET"]}}],"collection":[{"href":"https:\/\/www.chateau-des-iles.com\/en\/wp-json\/wp\/v2\/pages"}],"about":[{"href":"https:\/\/www.chateau-des-iles.com\/en\/wp-json\/wp\/v2\/types\/page"}],"author":[{"embeddable":true,"href":"https:\/\/www.chateau-des-iles.com\/en\/wp-json\/wp\/v2\/users\/1"}],"replies":[{"embeddable":true,"href":"https:\/\/www.chateau-des-iles.com\/en\/wp-json\/wp\/v2\/comments?post=41"}],"version-history":[{"count":5,"href":"https:\/\/www.chateau-des-iles.com\/en\/wp-json\/wp\/v2\/pages\/41\/revisions"}],"predecessor-version":[{"id":0,"href":"https:\/\/www.chateau-des-iles.com\/en\/wp-json\/wp\/v2\/pages\/41\/revisions\/0"}],"up":[{"embeddable":true,"href":"https:\/\/www.chateau-des-iles.com\/en\/wp-json\/wp\/v2\/pages\/43"}],"wp:attachment":[{"href":"https:\/\/www.chateau-des-iles.com\/en\/wp-json\/wp\/v2\/media?parent=41"}],"curies":[{"name":"wp","href":"https:\/\/api.w.org\/{rel}","templated":true}]}}