{"id":23,"date":"2022-11-10T10:57:01","date_gmt":"2022-11-10T10:57:01","guid":{"rendered":"https:\/\/zen-kapitsa.178-32-213-120.plesk.page\/?page_id=23"},"modified":"2025-03-21T15:10:48","modified_gmt":"2025-03-21T15:10:48","slug":"wine","status":"publish","type":"page","link":"https:\/\/www.chateau-des-iles.com\/en\/restaurant\/wine\/","title":{"rendered":"Wine Cellar"},"content":{"rendered":"\n<p>Our sommelier passionately selects every bottle that enters our cellar, bringing together prestigious grands crus and lesser-known appellations, allowing you to create perfect food and wine pairings that complement our seasonal cuisine.<\/p>\n\n\n\n<p><strong>Our wine list features around 480 carefully curated references, enriched by a collection of Cognacs and Armagnacs, some of which are nearly a century old.<\/strong><\/p>\n\n\n<div class=\"wp-block-image\">\n<figure class=\"aligncenter\"><img decoding=\"async\" src=\"\/images\/cave.jpg\" alt=\"\"\/><\/figure>\n<\/div>\n\n\n<figure class=\"wp-block-table\"><table><tbody><tr><td>DEUTZ Brut Classic<\/td><td><\/td><td>SA<\/td><td>94 \u20ac<\/td><\/tr><tr><td>R de Ruinart<\/td><td>&nbsp;<\/td><td>SA<\/td><td>140 \u20ac<\/td><\/tr><tr><\/tr><tr><td>&nbsp;<\/td><td>&nbsp;<\/td><td>&nbsp;<\/td><td>&nbsp;<\/td><\/tr><tr><td>Savenni\u00e8res<\/td><td>Chat. Du Breuil<\/td><td>2017<\/td><td>52 \u20ac<\/td><\/tr><tr><td>Pouilly-Fum\u00e9<\/td><td>\u00ab\u00a0Baron de L Ladoucette\u00a0\u00bb<\/td><td>2019<\/td><td>125 \u20ac<\/td><\/tr><tr><td>Coteaux du Layon<\/td><td>Chat. Du Breuil<\/td><td>2020<\/td><td>44 \u20ac<\/td><\/tr><tr><td>Chinon \u00abClos de l\u2019Echo Crescendo\u00bb<\/td><td>Couly-Dutheil<\/td><td>2015<\/td><td>105 \u20ac<\/td><\/tr><tr><td>&nbsp;<\/td><td>&nbsp;<\/td><td>&nbsp;<\/td><td>&nbsp;<\/td><\/tr><tr><td>Petit-Chablis<\/td><td>S&amp;S Mosnier<\/td><td>2020<\/td><td>36 \u20ac<\/td><\/tr><tr><td>Meursault 1er Cru \u00ab Les Cras \u00bb<\/td><td>Dom. Pauchard<\/td><td>2020<\/td><td>140 \u20ac<\/td><\/tr><tr><td>Corton Charlemagne Grand Cru<\/td><td>Dom. Michel Juillot<\/td><td>2020<\/td><td>265 \u20ac<\/td><\/tr><tr><td>Aloxe-Corton 1er Cru<\/td><td>M.Chapuis<\/td><td>2017<\/td><td>125 \u20ac<\/td><\/tr><tr><td>Nuits-Saint-Georges<\/td><td>Dom. Faiveley 1er cru Les Porets<\/td><td>2017<\/td><td>155 \u20ac<\/td><\/tr><tr><td>Gevrey Chambertin V V<\/td><td>Domaine Faiveley<\/td><td>2016<\/td><td>200 \u20ac<\/td><\/tr><tr><td>&nbsp;<\/td><td>&nbsp;<\/td><td>&nbsp;<\/td><td>&nbsp;<\/td><\/tr><tr><td>Chateau Suidiraut<\/td><td>Sauternes<\/td><td>1989<\/td><td>185 \u20ac<\/td><\/tr><tr><td>Ch\u00e2teau Grand Corbin D&rsquo;espagne<\/td><td>St-Emilion Grand Cru<\/td><td>2015<\/td><td>115 \u20ac<\/td><\/tr><tr><td>Ch\u00e2teau Branaire Ducru<\/td><td>St Julien<\/td><td>2016<\/td><td>120 \u20ac<\/td><\/tr><tr><td>Ch\u00e2teau Beychevelle 4\u00e8me Grand Cru Class\u00e9<\/td><td>St Julien<\/td><td>2016<\/td><td>310 \u20ac<\/td><\/tr><tr><td>Ch\u00e2teau Cos d&rsquo;Estournel Grand Cru Class\u00e9<\/td><td>St Est\u00e8phe<\/td><td>2015<\/td><td>390 \u20ac<\/td><\/tr><tr><td>Ch\u00e2teau Cheval Blanc 1er Grand Cru Class\u00e9<\/td><td>St \u00c9milion<\/td><td>2012<\/td><td>1 250 \u20ac<\/td><\/tr><tr><td>&nbsp;<\/td><td>&nbsp;<\/td><td>&nbsp;<\/td><td>&nbsp;<\/td><\/tr><tr><td>Saint-Joseph blanc<\/td><td>JC Marsanne<\/td><td>2020<\/td><td>55 \u20ac<\/td><\/tr><tr><td><\/td><td><\/td><td><\/td><\/tr><tr><td>C\u00f4te-R\u00f4tie<\/td><td>P. Jasmin<\/td><td>2020<\/td><td>130 \u20ac<\/td><\/tr><tr><td>Ch\u00e2teauneuf du Pape<\/td><td>Cuv\u00e9e T\u00e9l\u00e9gramme<\/td><td>2020<\/td><td>95 \u20ac<\/td><\/tr><tr><td>&nbsp;<\/td><td>&nbsp;<\/td><td>&nbsp;<\/td><td>&nbsp;<\/td><\/tr><tr><td>Fleurie Domaine de Colette<\/td><td>Jacky Gaulthier<\/td><td>2019<\/td><td>42 \u20ac<\/td><\/tr><tr><td>Moulin \u00e0 Vent \u00ab Terre de Mangan\u00e8se \u00bb<\/td><td>Didier Desvignes<\/td><td>2020<\/td><td>70 \u20ac<\/td><\/tr><tr><td><\/td><td><\/td><td><\/td><td><\/td><\/tr><tr><td>C\u00f4te de Provence (ros\u00e9)<\/td><td>Cuv\u00e9e M de Minuty<\/td><td>2021<\/td><td>68 \u20ac<\/td><\/tr><tr><td>Cornas Les Chailles<\/td><td>Dom. Alain Voge<\/td><td>2020<\/td><td>95 \u20ac<\/td><\/tr><tr><td>&nbsp;<\/td><td>&nbsp;<\/td><td>&nbsp;<\/td><td>&nbsp;<\/td><\/tr><tr><td>Tarriquet Derni\u00e9res Grives<\/td><td>Dom. de Tarriquet<\/td><td>2011<\/td><td>75 \u20ac<\/td><\/tr><tr><td>Monbazillac moelleux<\/td><td>Dom. De la Robertie<\/td><td>2015<\/td><td>45 \u20ac<\/td><\/tr><tr><td>Corbi\u00e9res Boutenac Cuv\u00e9e de la Forge<\/td><td>G\u00e9rard Bertrand<\/td><td>2019<\/td><td>75 \u20ac<\/td><\/tr><tr><td>Minervois La Livini\u00e9re cuv\u00e9e Viala<\/td><td>G\u00e9rard Bertrand<\/td><td>2020<\/td><td>85 \u20ac<\/td><\/tr><\/tbody><\/table><\/figure>\n\n\n\n<p><strong>We also offer a selection of wines by the glass and by the carafe,<\/strong><br><strong>along with a wide range of Whiskies and aged Bas Armagnacs.<\/strong><\/p>\n\n\n<div class=\"wp-block-image\">\n<figure class=\"aligncenter\"><img decoding=\"async\" src=\"\/images\/whisky.jpg\" alt=\"\"\/><\/figure>\n<\/div>","protected":false},"excerpt":{"rendered":"<p>Our sommelier passionately selects every bottle that enters our cellar, bringing together prestigious grands crus and lesser-known appellations, allowing you to create perfect food and wine pairings that complement our seasonal cuisine. Our wine list features around 480 carefully curated references, enriched by a collection of Cognacs and Armagnacs, some of which are nearly a [&hellip;]<\/p>\n","protected":false},"author":1,"featured_media":0,"parent":33,"menu_order":0,"comment_status":"closed","ping_status":"closed","template":"","meta":{"footnotes":""},"class_list":["post-23","page","type-page","status-publish","hentry"],"_links":{"self":[{"href":"https:\/\/www.chateau-des-iles.com\/en\/wp-json\/wp\/v2\/pages\/23","targetHints":{"allow":["GET"]}}],"collection":[{"href":"https:\/\/www.chateau-des-iles.com\/en\/wp-json\/wp\/v2\/pages"}],"about":[{"href":"https:\/\/www.chateau-des-iles.com\/en\/wp-json\/wp\/v2\/types\/page"}],"author":[{"embeddable":true,"href":"https:\/\/www.chateau-des-iles.com\/en\/wp-json\/wp\/v2\/users\/1"}],"replies":[{"embeddable":true,"href":"https:\/\/www.chateau-des-iles.com\/en\/wp-json\/wp\/v2\/comments?post=23"}],"version-history":[{"count":5,"href":"https:\/\/www.chateau-des-iles.com\/en\/wp-json\/wp\/v2\/pages\/23\/revisions"}],"predecessor-version":[{"id":0,"href":"https:\/\/www.chateau-des-iles.com\/en\/wp-json\/wp\/v2\/pages\/23\/revisions\/0"}],"up":[{"embeddable":true,"href":"https:\/\/www.chateau-des-iles.com\/en\/wp-json\/wp\/v2\/pages\/33"}],"wp:attachment":[{"href":"https:\/\/www.chateau-des-iles.com\/en\/wp-json\/wp\/v2\/media?parent=23"}],"curies":[{"name":"wp","href":"https:\/\/api.w.org\/{rel}","templated":true}]}}